{"id":9928,"date":"2024-09-20T02:07:34","date_gmt":"2024-09-20T05:07:34","guid":{"rendered":"https:\/\/www.clickaracoiaba.com.br\/?page_id=9928"},"modified":"2024-09-20T04:14:30","modified_gmt":"2024-09-20T07:14:30","slug":"9928-2","status":"publish","type":"page","link":"https:\/\/www.clickaracoiaba.com.br\/?page_id=9928","title":{"rendered":"PARAB\u00c9NS, VOC\u00ca ACABA DE DAR O PRIMEIRO PA\u00c7O!"},"content":{"rendered":"<p><!-- In\u00edcio do Post para WordPress --><\/p>\n<h2>Confira o Passo a Passo Para Comprar Seu Primeiro Carro Usado<\/h2>\n<p><strong>Est\u00e1 cansado de esperar horas no frio pelo \u00f4nibus? Quer conquistar seu primeiro carro usado em poucos meses e deixar de depender do transporte p\u00fablico? Esse guia vai te ensinar como!<\/strong><\/p>\n<p><!-- Sugest\u00e3o de Imagem: Pessoa frustrada esperando \u00f4nibus em um dia chuvoso --><\/p>\n<h2><img loading=\"lazy\" decoding=\"async\" class=\"aligncenter size-full wp-image-9930\" src=\"https:\/\/www.clickaracoiaba.com.br\/wp-content\/uploads\/2024\/09\/chega-de-onibus2.jpg\" alt=\"\" width=\"690\" height=\"490\" srcset=\"https:\/\/www.clickaracoiaba.com.br\/wp-content\/uploads\/2024\/09\/chega-de-onibus2.jpg 690w, https:\/\/www.clickaracoiaba.com.br\/wp-content\/uploads\/2024\/09\/chega-de-onibus2-300x213.jpg 300w\" sizes=\"auto, (max-width: 690px) 100vw, 690px\" \/>Exemplo de Ve\u00edculo<\/h2>\n<p>Vamos usar como exemplo o <strong>FIAT UNO 1.0 MPI MILLE FIRE 8V GASOLINA 4P MANUAL &#8211; 2004<\/strong>, avaliado hoje na Tabela FIPE em <strong>R$13.258,00<\/strong>. Mas n\u00e3o se preocupe, vou te mostrar como conquistar o seu carro em apenas 6 meses.<br \/>\n<em>(este modelo \u00e9 a penas um exemplo, voc\u00ea encontra bons carros a partir de 8 mil)<\/em><\/p>\n<p><img loading=\"lazy\" decoding=\"async\" class=\"aligncenter size-full wp-image-9931\" src=\"https:\/\/www.clickaracoiaba.com.br\/wp-content\/uploads\/2024\/09\/chega-de-onibus3.jpg\" alt=\"\" width=\"690\" height=\"460\" srcset=\"https:\/\/www.clickaracoiaba.com.br\/wp-content\/uploads\/2024\/09\/chega-de-onibus3.jpg 690w, https:\/\/www.clickaracoiaba.com.br\/wp-content\/uploads\/2024\/09\/chega-de-onibus3-300x200.jpg 300w\" sizes=\"auto, (max-width: 690px) 100vw, 690px\" \/><\/p>\n<h2>1. Planejamento<\/h2>\n<p>Para alcan\u00e7ar seu sonho, voc\u00ea precisa come\u00e7ar pelo planejamento financeiro. Isso envolve ajustar seus gastos e aumentar seus ganhos. Parece dif\u00edcil? N\u00e3o precisa ser!<\/p>\n<p><strong>Passo 1:<\/strong> A ideia aqui \u00e9 poupar R$250 por semana. Voc\u00ea pode conseguir esse valor fazendo &#8220;bicos&#8221; aos finais de semana, como trabalhar em restaurantes, lanchonetes, ou at\u00e9 mesmo oferecendo servi\u00e7os simples como faxina ou pequenos reparos dom\u00e9sticos. Em seis meses, voc\u00ea ter\u00e1 economizado cerca de R$6.000!<\/p>\n<p><!-- Sugest\u00e3o de Imagem: Algu\u00e9m trabalhando em um restaurante ou fazendo pequenos reparos --><img loading=\"lazy\" decoding=\"async\" class=\"aligncenter size-full wp-image-9932\" src=\"https:\/\/www.clickaracoiaba.com.br\/wp-content\/uploads\/2024\/09\/chega-de-onibus4.jpg\" alt=\"\" width=\"690\" height=\"460\" srcset=\"https:\/\/www.clickaracoiaba.com.br\/wp-content\/uploads\/2024\/09\/chega-de-onibus4.jpg 690w, https:\/\/www.clickaracoiaba.com.br\/wp-content\/uploads\/2024\/09\/chega-de-onibus4-300x200.jpg 300w\" sizes=\"auto, (max-width: 690px) 100vw, 690px\" \/><\/p>\n<p><strong>Passo 2:<\/strong> Abra uma conta poupan\u00e7a na Caixa Econ\u00f4mica Federal e evite ao m\u00e1ximo tocar no dinheiro. Isso te ajudar\u00e1 a manter o foco e evitar gastar em momentos dif\u00edceis.<\/p>\n<p><img loading=\"lazy\" decoding=\"async\" class=\"aligncenter size-full wp-image-9933\" src=\"https:\/\/www.clickaracoiaba.com.br\/wp-content\/uploads\/2024\/09\/chega-de-onibus5.jpg\" alt=\"\" width=\"690\" height=\"460\" srcset=\"https:\/\/www.clickaracoiaba.com.br\/wp-content\/uploads\/2024\/09\/chega-de-onibus5.jpg 690w, https:\/\/www.clickaracoiaba.com.br\/wp-content\/uploads\/2024\/09\/chega-de-onibus5-300x200.jpg 300w\" sizes=\"auto, (max-width: 690px) 100vw, 690px\" \/><\/p>\n<h2>2. Obter Recursos<\/h2>\n<p>Com esses R$6.000 economizados em 6 meses, voc\u00ea j\u00e1 tem o suficiente para dar a entrada no carro. Agora voc\u00ea pode optar por continuar poupando e fazer parcelas menores ou pagar um pouco mais e quitar o ve\u00edculo rapidamente. O importante \u00e9 que voc\u00ea j\u00e1 estar\u00e1 a caminho de realizar seu sonho!<\/p>\n<p><!-- Sugest\u00e3o de Imagem: Carro estacionado em frente \u00e0 casa, simbolizando a conquista --><\/p>\n<h2>3. Obter Cr\u00e9dito<\/h2>\n<p>Agora vem a parte que mais preocupa as pessoas: o cr\u00e9dito. Muitos t\u00eam o nome protestado ou um score de cr\u00e9dito baixo. MAS FIQUE TRANQUILO, N\u00d3S PODEMOS TE AJUDAR!<\/p>\n<p><strong>Se seu nome est\u00e1 sujo:<\/strong> Se voc\u00ea tem pequenas d\u00edvidas, temos uma solu\u00e7\u00e3o especial para te ajudar a limpar o nome.<\/p>\n<p><strong>Se seu score \u00e9 baixo:<\/strong> N\u00e3o se preocupe, podemos te mostrar como aumentar seu score de forma r\u00e1pida e simples. Com a\u00e7\u00f5es pr\u00e1ticas, em apenas 20 a 30 dias, voc\u00ea ver\u00e1 resultados significativos.<\/p>\n<p><img loading=\"lazy\" decoding=\"async\" class=\"aligncenter size-full wp-image-9934\" src=\"https:\/\/www.clickaracoiaba.com.br\/wp-content\/uploads\/2024\/09\/chega-de-onibus6.jpg\" alt=\"\" width=\"690\" height=\"460\" srcset=\"https:\/\/www.clickaracoiaba.com.br\/wp-content\/uploads\/2024\/09\/chega-de-onibus6.jpg 690w, https:\/\/www.clickaracoiaba.com.br\/wp-content\/uploads\/2024\/09\/chega-de-onibus6-300x200.jpg 300w\" sizes=\"auto, (max-width: 690px) 100vw, 690px\" \/><\/p>\n<h2>Como Aumentar Seu Score e Realizar Seu Sonho<\/h2>\n<p>Ap\u00f3s muitas pesquisas, conseguimos desenvolver um m\u00e9todo simples que pode aumentar seu score rapidamente. Colocamos todas essas informa\u00e7\u00f5es valiosas em um e-book, que era vendido por R$150, mas estamos oferecendo para voc\u00ea por <strong>apenas R$9,97<\/strong>! Isso mesmo, menos de dez reais para obter o guia que vai te ajudar a alcan\u00e7ar seu sonho de ter seu carro pr\u00f3prio.<\/p>\n<p><!-- Sugest\u00e3o de Imagem: Capa do e-book com t\u00edtulo como \"Como Aumentar Seu Score R\u00e1pido\" --><\/p>\n<p><strong>N\u00e3o perca essa oportunidade! Clique agora no bot\u00e3o abaixo e fa\u00e7a sua compra com seguran\u00e7a atrav\u00e9s do Mercado Pago.<\/strong><\/p>\n<p><!-- Sugest\u00e3o de Imagem: Bot\u00e3o chamativo de \"Comprar Agora\" --><\/p>\n<p style=\"text-align: center;\"><!-- Bot\u00e3o de Compra --><br \/>\n<a style=\"background-color: #28a745; color: white; padding: 10px 20px; text-align: center; text-decoration: none; font-size: 18px; display: inline-block; border-radius: 5px;\" href=\"https:\/\/mpago.la\/1wsqvAj\" target=\"_blank\" rel=\"noopener\">Comprar Agora<\/a><\/p>\n<p><!-- Sugest\u00e3o de Imagem: Pessoa feliz com o carro novo --><br \/>\n<img loading=\"lazy\" decoding=\"async\" class=\"aligncenter size-full wp-image-9936\" src=\"https:\/\/www.clickaracoiaba.com.br\/wp-content\/uploads\/2024\/09\/chega-de-onibus1.jpg\" alt=\"\" width=\"690\" height=\"490\" srcset=\"https:\/\/www.clickaracoiaba.com.br\/wp-content\/uploads\/2024\/09\/chega-de-onibus1.jpg 690w, https:\/\/www.clickaracoiaba.com.br\/wp-content\/uploads\/2024\/09\/chega-de-onibus1-300x213.jpg 300w\" sizes=\"auto, (max-width: 690px) 100vw, 690px\" \/><\/p>\n<p><!-- Fim do Post para WordPress --><\/p>\n","protected":false},"excerpt":{"rendered":"<p>Confira o Passo a Passo Para Comprar Seu Primeiro Carro Usado Est\u00e1 cansado de esperar horas no frio pelo \u00f4nibus? Quer conquistar seu primeiro carro usado em poucos meses e deixar de depender do transporte p\u00fablico? Esse guia vai te ensinar como! Exemplo de Ve\u00edculo Vamos usar como exemplo o FIAT UNO 1.0 MPI MILLE&#8230;<\/p>\n","protected":false},"author":1,"featured_media":9935,"parent":0,"menu_order":0,"comment_status":"closed","ping_status":"closed","template":"","meta":{"magazine_newspaper_sidebar_layout":"","footnotes":""},"class_list":["post-9928","page","type-page","status-publish","has-post-thumbnail","hentry"],"_links":{"self":[{"href":"https:\/\/www.clickaracoiaba.com.br\/index.php?rest_route=\/wp\/v2\/pages\/9928","targetHints":{"allow":["GET"]}}],"collection":[{"href":"https:\/\/www.clickaracoiaba.com.br\/index.php?rest_route=\/wp\/v2\/pages"}],"about":[{"href":"https:\/\/www.clickaracoiaba.com.br\/index.php?rest_route=\/wp\/v2\/types\/page"}],"author":[{"embeddable":true,"href":"https:\/\/www.clickaracoiaba.com.br\/index.php?rest_route=\/wp\/v2\/users\/1"}],"replies":[{"embeddable":true,"href":"https:\/\/www.clickaracoiaba.com.br\/index.php?rest_route=%2Fwp%2Fv2%2Fcomments&post=9928"}],"version-history":[{"count":0,"href":"https:\/\/www.clickaracoiaba.com.br\/index.php?rest_route=\/wp\/v2\/pages\/9928\/revisions"}],"wp:featuredmedia":[{"embeddable":true,"href":"https:\/\/www.clickaracoiaba.com.br\/index.php?rest_route=\/wp\/v2\/media\/9935"}],"wp:attachment":[{"href":"https:\/\/www.clickaracoiaba.com.br\/index.php?rest_route=%2Fwp%2Fv2%2Fmedia&parent=9928"}],"curies":[{"name":"wp","href":"https:\/\/api.w.org\/{rel}","templated":true}]}}