{"id":8350,"date":"1999-10-22T13:13:00","date_gmt":"1999-10-22T15:13:00","guid":{"rendered":"https:\/\/www.clickaracoiaba.com.br\/?page_id=8350"},"modified":"2025-12-10T03:00:31","modified_gmt":"2025-12-10T06:00:31","slug":"politica-de-privacidade","status":"publish","type":"page","link":"https:\/\/www.clickaracoiaba.com.br\/?page_id=8350","title":{"rendered":"Pol\u00edtica de Privacidade"},"content":{"rendered":"\n<style>\n    .privacy-container {\n        font-family: Arial, sans-serif;\n        line-height: 1.8;\n        color: #333;\n        max-width: 960px;\n        margin: 0 auto;\n        padding: 30px 15px;\n    }\n    .privacy-container h1 {\n        color: #1a1a1a;\n        font-size: 2.2em;\n        margin-bottom: 5px;\n        border-bottom: 4px solid #F9C74F; \/* Amarelo\/Laranja de destaque *\/\n        padding-bottom: 10px;\n    }\n    .privacy-container h2 {\n        color: #6a0dad; \/* Roxo Institucional *\/\n        font-size: 1.5em;\n        margin-top: 35px;\n        margin-bottom: 15px;\n        border-bottom: 1px solid #eee;\n        padding-bottom: 5px;\n    }\n    .privacy-container ul {\n        margin-left: 20px;\n        padding-left: 0;\n        list-style-type: disc;\n    }\n    .highlight-box {\n        background-color: #FFFBE5; \/* Amarelo Claro para Fundo *\/\n        border-left: 5px solid #6a0dad; \/* Borda Roxo Institucional *\/\n        padding: 15px 20px;\n        margin: 25px 0;\n    }\n    .contact-info {\n        background-color: #FFFBE5; \/* Amarelo Claro para Fundo *\/\n        padding: 20px;\n        border-radius: 5px;\n        margin-top: 30px;\n        border: 1px solid #F9C74F; \/* Borda Amarelo de Destaque *\/\n    }\n<\/style>\n\n<div class=\"privacy-container\">\n\n    <h1>Pol\u00edtica de Privacidade do Portal Clickara\u00e7oiaba<\/h1>\n    <p>Esta pol\u00edtica descreve como o <strong>Portal Clickara\u00e7oiaba<\/strong> (Fid\u00eancio Marketing) coleta, usa, armazena e protege os dados de seus usu\u00e1rios, em conformidade com a <strong>Lei Geral de Prote\u00e7\u00e3o de Dados Pessoais (Lei n\u00ba 13.709\/2018 &#8211; LGPD)<\/strong>.<\/p>\n\n    <h2>1. Compromisso com a Privacidade e Transpar\u00eancia<\/h2>\n    <p>\u00c9 nosso compromisso garantir a privacidade e seguran\u00e7a dos usu\u00e1rios que utilizam nossos servi\u00e7os. Coletamos informa\u00e7\u00f5es estritamente necess\u00e1rias para oferecer um site aprimorado, direcionado \u00e0s suas prefer\u00eancias e para a comunica\u00e7\u00e3o de not\u00edcias e informativos relevantes.<\/p>\n    \n    <div class=\"highlight-box\">\n        Garantimos que quaisquer informa\u00e7\u00f5es pessoais dos usu\u00e1rios n\u00e3o ser\u00e3o fornecidas, publicadas ou comercializadas sob nenhuma circunst\u00e2ncia. Suas informa\u00e7\u00f5es est\u00e3o seguras conosco.\n    <\/div>\n\n    <h2>2. Coleta e Uso de Dados<\/h2>\n    <ul>\n        <li><strong>Informa\u00e7\u00f5es de Cadastro:<\/strong> Para usufruir de benef\u00edcios adicionais e receber informativos por e-mail, solicitamos o cadastro em algum de nossos formul\u00e1rios. Estes dados s\u00e3o armazenados em um banco de dados protegido e sigiloso.<\/li>\n        <li><strong>Coment\u00e1rios e Postagens:<\/strong> Ao participar de coment\u00e1rios ou postagens, o nome, e-mail e depoimento poder\u00e3o ser publicados, conforme nossos Termos de Uso.<\/li>\n        <li><strong>Comunica\u00e7\u00e3o:<\/strong> N\u00f3s nunca enviamos e-mails solicitando confirma\u00e7\u00e3o de dados\/cadastro ou com anexos execut\u00e1veis (extens\u00e3o .exe, .com, .scr, .bat) e links para download. Caso n\u00e3o queira receber mais nossos informativos, o cancelamento pode ser feito atrav\u00e9s do link presente no rodap\u00e9 de cada mensagem ou por aviso via e-mail. N\u00e3o enviamos spams.<\/li>\n    <\/ul>\n\n    <h2>3. Uso de Cookies e Tecnologias de Rastreamento<\/h2>\n    <p>Podemos utilizar a tecnologia de <strong>cookies<\/strong> para melhorar a experi\u00eancia do usu\u00e1rio. Isso auxilia na identifica\u00e7\u00e3o do seu IP, facilitando a navega\u00e7\u00e3o e customizando o conte\u00fado. Estes dados s\u00e3o utilizados primariamente para:<\/p>\n    <ul>\n        <li><strong>An\u00e1lise de Tr\u00e1fego:<\/strong> Utilizamos ferramentas (como o Google Analytics) para analisar o tr\u00e1fego do site e o comportamento do leitor, visando aprimorar o conte\u00fado e a experi\u00eancia.<\/li>\n        <li><strong>Publicidade:<\/strong> Utiliza\u00e7\u00e3o de cookies de terceiros para personaliza\u00e7\u00e3o de an\u00fancios (ex: Google AdSense), em total conformidade com a LGPD.<\/li>\n    <\/ul>\n    <p>Voc\u00ea tem total autonomia para <strong>bloquear ou desativar<\/strong> qualquer uso de cookies diretamente nas configura\u00e7\u00f5es do seu navegador.<\/p>\n\n    <h2>4. Compartilhamento de Informa\u00e7\u00f5es e Exce\u00e7\u00f5es Legais<\/h2>\n    <p>Para fins de seguran\u00e7a e em cumprimento de requerimentos legais, as informa\u00e7\u00f5es poder\u00e3o ser compartilhadas quando houver requisi\u00e7\u00e3o de autoridades judiciais ou governamentais competentes para fins de investiga\u00e7\u00f5es. Isso pode ocorrer mesmo que n\u00e3o exista uma ordem judicial, como em casos de investiga\u00e7\u00e3o de car\u00e1ter penal ou viola\u00e7\u00e3o de direitos autorais, sempre respeitando as hip\u00f3teses de sigilo de informa\u00e7\u00f5es determinadas por leis em vigor.<\/p>\n    \n    <p>O Portal Clickara\u00e7oiaba possui links de acesso para sites de terceiros que n\u00e3o est\u00e3o cobertos por esta pol\u00edtica. Ao acessar esses links, verifique a pol\u00edtica de privacidade desses sites, tendo em vista que suas informa\u00e7\u00f5es ser\u00e3o administradas de acordo com as pol\u00edticas de cada um deles e que podem se diferenciar das nossas.<\/p>\n\n    <h2>5. D\u00favidas, Corre\u00e7\u00e3o de Dados e Atualiza\u00e7\u00f5es<\/h2>\n\n    <p>Reservamo-nos o direito de alterar esta pol\u00edtica a qualquer momento.<\/p>\n\n    <div class=\"contact-info\">\n        <strong>Para D\u00favidas e Corre\u00e7\u00e3o de Dados (Encarregado de Dados):<\/strong>\n        <p>Em caso de d\u00favidas sobre esta pol\u00edtica ou necessidade de corre\u00e7\u00e3o de dados (Direito do Titular, conforme LGPD), o usu\u00e1rio deve entrar em contato:<\/p>\n        <p>E-mail: <strong>sac@clickaracoiaba.com.br<\/strong><br>\n        Assunto: <strong>A\/C Departamento Jur\u00eddico<\/strong><\/p>\n\n        <p><strong>Respons\u00e1vel Legal (Sede):<\/strong><br>\n        Jornalista Aur\u00e9lio Fid\u00eancio<br>\n        Pra\u00e7a Cel Almeida, s\/n, Centro, Ara\u00e7oiaba da Serra, SP, CEP: 18190-011<br>\n        WhatsApp: +55 15 99732-1144<\/p>\n    <\/div>\n\n<\/div>\n","protected":false},"excerpt":{"rendered":"<p>Pol\u00edtica de Privacidade do Portal Clickara\u00e7oiaba Esta pol\u00edtica descreve como o Portal Clickara\u00e7oiaba (Fid\u00eancio Marketing) coleta, usa, armazena e protege os dados de seus usu\u00e1rios, em conformidade com a Lei Geral de Prote\u00e7\u00e3o de Dados Pessoais (Lei n\u00ba 13.709\/2018 &#8211; LGPD). 1. Compromisso com a Privacidade e Transpar\u00eancia \u00c9 nosso compromisso garantir a privacidade e&#8230;<\/p>\n","protected":false},"author":1,"featured_media":11004,"parent":0,"menu_order":0,"comment_status":"closed","ping_status":"closed","template":"","meta":{"magazine_newspaper_sidebar_layout":"","footnotes":""},"class_list":["post-8350","page","type-page","status-publish","has-post-thumbnail","hentry"],"_links":{"self":[{"href":"https:\/\/www.clickaracoiaba.com.br\/index.php?rest_route=\/wp\/v2\/pages\/8350","targetHints":{"allow":["GET"]}}],"collection":[{"href":"https:\/\/www.clickaracoiaba.com.br\/index.php?rest_route=\/wp\/v2\/pages"}],"about":[{"href":"https:\/\/www.clickaracoiaba.com.br\/index.php?rest_route=\/wp\/v2\/types\/page"}],"author":[{"embeddable":true,"href":"https:\/\/www.clickaracoiaba.com.br\/index.php?rest_route=\/wp\/v2\/users\/1"}],"replies":[{"embeddable":true,"href":"https:\/\/www.clickaracoiaba.com.br\/index.php?rest_route=%2Fwp%2Fv2%2Fcomments&post=8350"}],"version-history":[{"count":0,"href":"https:\/\/www.clickaracoiaba.com.br\/index.php?rest_route=\/wp\/v2\/pages\/8350\/revisions"}],"wp:featuredmedia":[{"embeddable":true,"href":"https:\/\/www.clickaracoiaba.com.br\/index.php?rest_route=\/wp\/v2\/media\/11004"}],"wp:attachment":[{"href":"https:\/\/www.clickaracoiaba.com.br\/index.php?rest_route=%2Fwp%2Fv2%2Fmedia&parent=8350"}],"curies":[{"name":"wp","href":"https:\/\/api.w.org\/{rel}","templated":true}]}}