{"id":7931,"date":"2022-03-08T12:43:27","date_gmt":"2022-03-08T15:43:27","guid":{"rendered":"https:\/\/www.clickaracoiaba.com.br\/?page_id=7931"},"modified":"2023-05-30T14:01:38","modified_gmt":"2023-05-30T17:01:38","slug":"aracoiaba-fest","status":"publish","type":"page","link":"https:\/\/www.clickaracoiaba.com.br\/?page_id=7931","title":{"rendered":"Ara\u00e7oiaba Fest"},"content":{"rendered":"<h2><span style=\"color: #0000ff;\">COMPRE SEUS INGRESSOS OU PASSAPORTE AGORA:<\/span><\/h2>\n<p><a href=\"https:\/\/wa.me\/5515997321144\" target=\"_blank\" rel=\"noopener\"><img loading=\"lazy\" decoding=\"async\" class=\"aligncenter wp-image-7960 size-full\" src=\"https:\/\/www.clickaracoiaba.com.br\/wp-content\/uploads\/2022\/03\/aracoiabafest_botao_clickaqui.png\" alt=\"\" width=\"690\" height=\"200\" srcset=\"https:\/\/www.clickaracoiaba.com.br\/wp-content\/uploads\/2022\/03\/aracoiabafest_botao_clickaqui.png 690w, https:\/\/www.clickaracoiaba.com.br\/wp-content\/uploads\/2022\/03\/aracoiabafest_botao_clickaqui-300x87.png 300w\" sizes=\"auto, (max-width: 690px) 100vw, 690px\" \/><\/a><\/p>\n<h2>Evento ser\u00e1 nos dias 1\u00ba, 2, 8, 9 e 10 de abril.<\/h2>\n<div class=\"mc-column content-text active-extra-styles \" data-block-type=\"unstyled\" data-block-weight=\"28\" data-block-id=\"2\">\n<p class=\"content-text__container \" data-track-category=\"Link no Texto\" data-track-links=\"\"><span style=\"font-size: 14px;\">O festival, que tem organiza\u00e7\u00e3o da Viva+ Entretenimento, ser\u00e1 realizado no <\/span><strong style=\"font-size: 14px;\">Recinto de Eventos Ara\u00e7oiaba Fest<\/strong><span style=\"font-size: 14px;\">, (anexo ao gin\u00e1sio de esportes),\u00a0 na regi\u00e3o central da cidade,\u00a0<\/span><span class=\"highlight highlighted\" style=\"font-size: 14px;\">nos dias 1\u00ba, 2, 8, 9 e 10 de abril<\/span><span style=\"font-size: 14px;\">. A expectativa dos organizadores \u00e9 de que mais de 100 mil pessoas prestigiem a festa.<\/span><\/p>\n<\/div>\n<p>A pra\u00e7a de alimenta\u00e7\u00e3o contar\u00e1 com diversas barracas de bebidas e comidas. Al\u00e9m disso, o evento prev\u00ea gerar em torno de 600 empregos diretos e mais de 700 indiretos. Dessa forma, tamb\u00e9m promete movimentar a economia da cidade.<\/p>\n<h2><img loading=\"lazy\" decoding=\"async\" class=\"aligncenter size-full wp-image-7917\" src=\"https:\/\/www.clickaracoiaba.com.br\/wp-content\/uploads\/2022\/03\/aracoiaba-fest-2022b.jpg\" alt=\"\" width=\"710\" height=\"340\" srcset=\"https:\/\/www.clickaracoiaba.com.br\/wp-content\/uploads\/2022\/03\/aracoiaba-fest-2022b.jpg 710w, https:\/\/www.clickaracoiaba.com.br\/wp-content\/uploads\/2022\/03\/aracoiaba-fest-2022b-300x144.jpg 300w, https:\/\/www.clickaracoiaba.com.br\/wp-content\/uploads\/2022\/03\/aracoiaba-fest-2022b-690x330.jpg 690w\" sizes=\"auto, (max-width: 710px) 100vw, 710px\" \/><\/h2>\n<div class=\"mc-column content-text active-extra-styles\" data-block-type=\"raw\" data-block-weight=\"2\" data-block-id=\"8\">\n<div class=\"content-intertitle\">\n<h2>Lista de shows:<\/h2>\n<\/div>\n<\/div>\n<ul class=\"content-unordered-list\">\n<li><strong>01\/04 &#8211; Bruno &amp; Marrone + Gustavo Mioto + MC Hariel<\/strong><\/li>\n<li><strong>02\/04 &#8211; Maiara &amp; Mara\u00edsa + Hugo &amp; Guilherme + Mc Danny<\/strong><\/li>\n<li><strong>08\/04 &#8211; Henrique &amp; Juliano + \u00cdcaro &amp; Gilmar + Don Juan<\/strong><\/li>\n<li><strong>09\/04 &#8211; Bar\u00f5es da Pisadinha + DJ Alok + Pedro Sampaio<\/strong><\/li>\n<li><strong>10\/04 &#8211; Israel &amp; Rodolffo + Lara Silva (com entrada franca)<\/strong><\/li>\n<\/ul>\n<p class=\"content-text__container \" data-track-category=\"Link no Texto\" data-track-links=\"\">No \u00faltimo dia de festa, a organiza\u00e7\u00e3o trar\u00e1 duas atra\u00e7\u00f5es com entrada gratuita para todo o p\u00fablico.<\/p>\n<p data-track-category=\"Link no Texto\" data-track-links=\"\">Haver\u00e1 sorteio de ingressos e vendas promocionais atrav\u00e9s do <a href=\"https:\/\/www.facebook.com\/aracoiabafesta\" target=\"_blank\" rel=\"noopener\"><strong>FACEBOOK<\/strong><\/a> e <a href=\"https:\/\/www.instagram.com\/aracoiabafesta\" target=\"_blank\" rel=\"noopener\"><strong>INSTAGRAM<\/strong> <\/a>do evento.<\/p>\n<p>O Recinto Ara\u00e7oiaba Fest fica anexo ao Gin\u00e1sio de Esportes e Est\u00e1dio de Futebol Nh\u00f4 Juca na regi\u00e3o central de Ara\u00e7oiaba da Serra (veja no mapa abaixo)<\/p>\n<p><iframe loading=\"lazy\" style=\"border: 0;\" src=\"https:\/\/www.google.com\/maps\/embed?pb=!1m14!1m8!1m3!1d5411.8854552012035!2d-47.607288!3d-23.505892!3m2!1i1024!2i768!4f13.1!3m3!1m2!1s0x0%3A0xb68c2710c544f80!2sRecinto%20Ara%C3%A7oiaba%20Fest!5e1!3m2!1spt-BR!2sbr!4v1646678323740!5m2!1spt-BR!2sbr\" width=\"690\" height=\"400\" allowfullscreen=\"allowfullscreen\"><\/iframe><\/p>\n<p>&#8211; N\u00f3s do <strong>CLICKARA\u00c7OIABA<\/strong> somos parceiros na promo\u00e7\u00e3o do evento e revenda oficial de ingressos para festa, a vantagem de comprar conosco \u00e9 que somos da cidade e temos compromisso com a comunidade. Nosso ponto de venda parceiro \u00e9 a <strong>PIZZARIA CARRO\u00c7\u00c3O<\/strong>, l\u00e1 voc\u00ea compra seus ingressos e leva para sua casa sem taxas e sem espera.<\/p>\n<h3>PERGUNTAS E RESPOSTAS FREQUENTES:<\/h3>\n<ol>\n<li><strong>COMPREI INGRESSOS DO ABRIL FEST<\/strong><br \/>\nR. O festival agora ser\u00e1 feito por outra empresa, n\u00e3o tem nenhum vinculo com a empresa que fazia o festival, mais detalhes e celular de quem voc\u00ea deve procurar veja aqui mesmo mais adiante nesta p\u00e1ina.<\/li>\n<li><strong>MEIA ENTRADA\/ GRATUIDADE<\/strong> (Quem tem direito, documenta\u00e7\u00e3o necess\u00e1ria, e cota de ingressos)?<br \/>\nR. Voc\u00ea ver\u00e1 em detalhes mais adiante nesta mesma p\u00e1gina<\/li>\n<li><strong>CAMAROTE PRESIDENTE TEM MESAS E CADEIRAS?<\/strong><br \/>\nTem bistr\u00f4s e \u00e1rea de descanso, N\u00c3O tem mesas e cadeiras reservadas o local \u00e9 de uso compartilhado, quem chegar primeiro escolhe onde quer ficar.<\/li>\n<li><strong>CAMAROTE TEM OPEN BAR?<\/strong><br \/>\nR. N\u00e3o<\/li>\n<li><strong>INFORMA\u00c7\u00d5ES SOBRE ESTACIONAMENTO.<\/strong><br \/>\nR. Acompanhe em nossas redes sociais: <a href=\"https:\/\/fb.me\/aracoiabafesta\" target=\"_blank\" rel=\"noopener\">https:\/\/fb.me\/aracoiabafesta<\/a> ou\u00a0<a href=\"https:\/\/ig.me\/aracoiabafesta\" target=\"_blank\" rel=\"noopener\">https:\/\/ig.me\/aracoiabafesta<\/a><\/li>\n<li><strong>QUAL CERVEJA VAI VENDER NA FESTA?<\/strong><br \/>\nR. Imp\u00e9rio<\/li>\n<li><strong>VAI TER RODEIO?<\/strong><br \/>\nR. N\u00e3o<\/li>\n<li><strong>CRIAN\u00c7AS PAGAM PARA ENTRAR? QUAL A IDADE M\u00cdNIMA PARA ENTRAR?<\/strong><br \/>\nR. Crian\u00e7as de zero \u00e0 12 anos <strong>n\u00e3o pagam acesso a pista, j\u00e1 nos demais setores (VIP e Camarote) pagam normalmente<\/strong>. Se estiver na companhia dos pais ou respons\u00e1veis n\u00e3o h\u00e1 idade m\u00ednima para entrar.<\/li>\n<li><b>MENOR DE 16 ANOS OU MENOS PODE ENTRAR NA COMPANHIA\u00a0DE TERCEIROS?<\/b><br \/>\nR. Sim, basta preencher a autoriza\u00e7\u00e3o e reconhecer firma em cart\u00f3rio. <a href=\"https:\/\/drive.google.com\/file\/d\/1NrhJhOYTSiM7jiMY6ESoJ3U4-hEe6k1d\/view?usp=sharing\" target=\"_blank\" rel=\"noopener\">Click aqui para baixar a declara\u00e7\u00e3o<\/a> e <a href=\"https:\/\/www.clickaracoiaba.com.br\/guia\/empresa\/664\" target=\"_blank\" rel=\"noopener\">click aqui para entrar em contato com o cart\u00f3rio<\/a> e informar-se sobre detalhes como pre\u00e7o.<\/li>\n<li><span style=\"color: #000000;\"><b style=\"color: #000000;\">VOU LEVAR UM MENOR COM MENOS DE 16 ANOS POR\u00c9M N\u00c3O <\/b><span style=\"color: #000000;\"><b>CONSEGUI<\/b><\/span><b style=\"color: #000000;\">\u00a0RECONHECER FIRMA NA AUTORIZA\u00c7\u00c3O TEM &#8220;JEITINHO&#8221;?<\/b><\/span><br \/>\n<span style=\"color: #000000;\"> R. <span style=\"color: #ff0000;\"><strong>N\u00c3O<\/strong><\/span>, por mais nobre que seja a justificativa se n\u00e3o estiver portanto a autoriza\u00e7\u00e3o <strong>COM FIRMA RECONHECIDA<\/strong>\u00a0<span style=\"color: #ff0000;\"><strong>N\u00c3O TER\u00c1 ACESSO AO FESTIVAL<\/strong><\/span>.<\/span><\/li>\n<li><b>MENORES DE 16 E 17 ANOS PRECISA DE<\/b><b>\u00a0AUTORIZA\u00c7\u00c3O?<\/b><br \/>\nR. <strong>N\u00c3O<\/strong>.<\/li>\n<\/ol>\n<h3 data-track-category=\"Link no Texto\"><b>Ara\u00e7oiaba Fest Vendas de Ingressos:<\/b><\/h3>\n<p data-track-category=\"Link no Texto\">\ud83d\ude03 Pista consulte:<br \/>\n\ud83d\ude03 Passaporte Pista consulte:<br \/>\n\ud83d\ude03 \u00c1rea VIP consulte:<br \/>\n\ud83d\ude03 Passaporte \u00c1rea VIP p\/ todos os dias, todos pagam meia consulte:<br \/>\n\ud83d\ude03 Camarote Presidente (individual)\u00a0consulte:<br \/>\n\ud83d\ude03 Passaporte Camarote p\/ todos os dias, todos pagam meia consulte:<\/p>\n<p data-track-category=\"Link no Texto\">(15) 99732-1144<\/p>\n<p data-track-category=\"Link no Texto\"><strong>Todos os passaportes s\u00e3o individuais e s\u00f3 d\u00e3o a cesso a uma pessoa por dia de evento.<\/strong><\/p>\n<p data-track-category=\"Link no Texto\">*Pode haver uma taxa de 10% para\u00a0quem comprar on-line (a distancia), quem comprar diretamente no ponto de vendas f\u00edsico est\u00e1 isento de taxas.<br \/>\n*Os valores podem mudar a qualquer momento sem aviso pr\u00e9vio, confirme os valores no momento da compra.<\/p>\n<h3 data-track-category=\"Link no Texto\"><b>Os camarotes Presidente d\u00e3o direito a:<\/b><\/h3>\n<p>Acesso a local com vista privilegiada para os shows, acesso a festa atrav\u00e9s de entrada exclusiva, baladinha ap\u00f3s o show, gar\u00e7ons, bares exclusivos e banheiros exclusivos.<\/p>\n<ul>\n<li><em><strong>\ud83d\udeab\u00a0Camarotes n\u00e3o inclui open bar<\/strong><\/em><\/li>\n<\/ul>\n<h2><span style=\"color: #0000ff;\">COMPRE SEUS INGRESSOS OU PASSAPORTE AGORA:<\/span><\/h2>\n<p><a href=\"https:\/\/wa.me\/5515997321144\" target=\"_blank\" rel=\"noopener\"><img loading=\"lazy\" decoding=\"async\" class=\"aligncenter size-full wp-image-7960\" src=\"https:\/\/www.clickaracoiaba.com.br\/wp-content\/uploads\/2022\/03\/aracoiabafest_botao_clickaqui.png\" alt=\"\" width=\"690\" height=\"200\" srcset=\"https:\/\/www.clickaracoiaba.com.br\/wp-content\/uploads\/2022\/03\/aracoiabafest_botao_clickaqui.png 690w, https:\/\/www.clickaracoiaba.com.br\/wp-content\/uploads\/2022\/03\/aracoiabafest_botao_clickaqui-300x87.png 300w\" sizes=\"auto, (max-width: 690px) 100vw, 690px\" \/><\/a><\/p>\n<h4>O pagamento dos ingressos pode ser feito com:<\/h4>\n<ul>\n<li>Cart\u00f5es de d\u00e9bito ou cr\u00e9dito a vista<\/li>\n<li>Parcelado no cart\u00e3o com taxa (somente nas compras online)<\/li>\n<li>Mercado Pago<\/li>\n<li>PagSeguro<\/li>\n<li>Em dinheiro<\/li>\n<li>Se voc\u00ea \u00e9 de outra cidade e deseja comprar seus ingressos antecipados para economizar e evitar filas, compre atrav\u00e9s de nossa loja online: xxx nas compras online economiza e evita filas. Ap\u00f3s a compra voc\u00ea agenda a retirada dos ingressos ou retira os ingressos na noite que vier para festa (das 18h \u00e0s 22h) pois estamos a poucos metros da portaria do evento. Comprando online voc\u00ea tamb\u00e9m pode parcelar suas compras no cart\u00e3o de cr\u00e9dito. Compre seus ingressos agora:\u00a0xxx<\/li>\n<li>N\u00e3o enviamos ingressos pelos correios, voc\u00ea n\u00e3o precisa imprimir os ingressos j\u00e1 os retira prontos aqui em nosso ponto de retirada.<\/li>\n<\/ul>\n<h3>QUEM TEM DIREITO A MEIA-ENTRADA?<\/h3>\n<h4>ESTUDANTES, PESSOAS COM DEFICI\u00caNCIA E OUTROS ASSEGURADOS PELA LEI:<\/h4>\n<p>&#8211; Para comprar meia entrada \u00e9 necess\u00e1rio apresentar a carteirinha de estudante (CIE) original com foto e dentro da validade no momento da compra do ingresso e na entrada do evento.<br \/>\nDever\u00e3o constar os seguintes elementos no CIE:<\/p>\n<ul>\n<li>Nome completo e data de nascimento do estudante<\/li>\n<li>Foto recente do estudante<\/li>\n<li>Nome da institui\u00e7\u00e3o de ensino no qual o estudante est\u00e1 matriculado<\/li>\n<li>Grau de escolaridade, e<\/li>\n<li>Data de validade at\u00e9 dia 31 de mar\u00e7o do ano subsequente ao de sua expedi\u00e7\u00e3o.<\/li>\n<li>A documenta\u00e7\u00e3o deve ser apresentada no momento da compra e no momento do acesso ao evento.<\/li>\n<li>A concess\u00e3o do direito ao benef\u00edcio da Meia-Entrada \u00e9 assegurada em 40% (quarenta por cento) do total dos ingressos dispon\u00edveis para cada evento.<\/li>\n<li>Clique para mais informa\u00e7\u00f5es sobre a\u00a0<a href=\"http:\/\/www.planalto.gov.br\/ccivil_03\/_ato2011-2014\/2013\/lei\/l12933.htm\" target=\"_blank\" rel=\"noopener\">Lei da Meia-Entrada<\/a>\u00a0e o\u00a0<a href=\"http:\/\/www.planalto.gov.br\/ccivil_03\/_Ato2015-2018\/2015\/Decreto\/D8537.htm\" target=\"_blank\" rel=\"noopener\">Decreto<\/a>\u00a0que a regulamenta.<\/li>\n<\/ul>\n<h4>PCD (pessoas com defici\u00eancia)<\/h4>\n<ul>\n<li>Pessoas com defici\u00eancia (e acompanhante quando necess\u00e1rio) devem apresentar laudo m\u00e9dico ORIGINAL e documento de identifica\u00e7\u00e3o (RG, CTPS, CNH) com foto recente comprovando a situa\u00e7\u00e3o<\/li>\n<li>PCD tamb\u00e9m n\u00e3o paga o acesso ao espa\u00e7o exclusivo na \u00e1rea VIP.<\/li>\n<li>A documenta\u00e7\u00e3o deve ser apresentada no momento da compra e no momento do acesso ao evento.<\/li>\n<li>A concess\u00e3o do direito ao benef\u00edcio da Meia-Entrada \u00e9 assegurada em 40% (quarenta por cento) do total dos ingressos dispon\u00edveis para cada evento.<\/li>\n<li>Clique para mais informa\u00e7\u00f5es sobre a\u00a0<a href=\"http:\/\/www.planalto.gov.br\/ccivil_03\/_ato2011-2014\/2013\/lei\/l12933.htm\" target=\"_blank\" rel=\"noopener\">Lei da Meia-Entrada<\/a>\u00a0e o\u00a0<a href=\"http:\/\/www.planalto.gov.br\/ccivil_03\/_Ato2015-2018\/2015\/Decreto\/D8537.htm\" target=\"_blank\" rel=\"noopener\">Decreto<\/a>\u00a0que a regulamenta.<\/li>\n<\/ul>\n<h4>CRIAN\u00c7AS E IDOSOS<\/h4>\n<ul>\n<li>Idosos com idade igual ou superior a 60 anos e crian\u00e7as com at\u00e9 12 anos n\u00e3o pagam acesso a pista, nos demais setores (VIP e Camarote) pagam normalmente.<\/li>\n<li>Devem apresentar documento de identifica\u00e7\u00e3o (RG, CTPS, CNH) original e com foto recente<\/li>\n<li>A documenta\u00e7\u00e3o deve ser apresentada no momento da compra e no momento do acesso ao evento.<\/li>\n<\/ul>\n<p><a href=\"https:\/\/www.clickaracoiaba.com.br\/?p=7933\">Click aqui e veja a lista completa de beneficiados pela leia da meia entrada e mais detalhes sobre o assunto<\/a><\/p>\n<p><iframe loading=\"lazy\" title=\"YouTube video player\" src=\"https:\/\/www.youtube.com\/embed\/rcU7z6MXPLY?controls=0\" width=\"690\" height=\"388\" frameborder=\"0\" allowfullscreen=\"allowfullscreen\"><\/iframe><\/p>\n<h3>Mapa do evento:<\/h3>\n<p><img loading=\"lazy\" decoding=\"async\" class=\"aligncenter size-full wp-image-7921\" src=\"https:\/\/www.clickaracoiaba.com.br\/wp-content\/uploads\/2022\/03\/aracoiaba-fest-mapa-do-evento.jpg\" alt=\"\" width=\"690\" height=\"863\" srcset=\"https:\/\/www.clickaracoiaba.com.br\/wp-content\/uploads\/2022\/03\/aracoiaba-fest-mapa-do-evento.jpg 690w, https:\/\/www.clickaracoiaba.com.br\/wp-content\/uploads\/2022\/03\/aracoiaba-fest-mapa-do-evento-240x300.jpg 240w, https:\/\/www.clickaracoiaba.com.br\/wp-content\/uploads\/2022\/03\/aracoiaba-fest-mapa-do-evento-552x690.jpg 552w\" sizes=\"auto, (max-width: 690px) 100vw, 690px\" \/><\/p>\n<h3>SOBRE A DEVOLU\u00c7\u00c3O DE VALORES DO ABRIL FEST 2020:<\/h3>\n<p>O Festival <strong>ARA\u00c7OIABA FEST<\/strong> \u00e9 uma sequ\u00eancia do Festival Abril Fest, ambas tem como objetivo comemorar a emancipa\u00e7\u00e3o pol\u00edtica de Ara\u00e7oiaba da Serra, por\u00e9m o FESTIVAL ABRIL FEST era promovido pelas empresas Pagliato e Formig\u00e3o Eventos, j\u00e1 o <strong>ARA\u00c7OIABA FEST<\/strong> \u00e9 promovido pela empresa VIVA+, mesma empresa que promove a Festa Junina de Votorantim, portanto para tratar sobre devolu\u00e7\u00e3o de ingressos de eventos n\u00e3o realizados entre em contato com as antigas empresas:<strong> Pagliato &#8211; (15) 99688-9820<\/strong>.<\/p>\n<h2><span style=\"color: #0000ff;\">COMPRE SEUS INGRESSOS OU PASSAPORTE AGORA:<\/span><\/h2>\n<p><a href=\"https:\/\/wa.me\/5515997321144\" target=\"_blank\" rel=\"noopener\"><img loading=\"lazy\" decoding=\"async\" class=\"aligncenter wp-image-7960 size-full\" src=\"https:\/\/www.clickaracoiaba.com.br\/wp-content\/uploads\/2022\/03\/aracoiabafest_botao_clickaqui.png\" alt=\"\" width=\"690\" height=\"200\" srcset=\"https:\/\/www.clickaracoiaba.com.br\/wp-content\/uploads\/2022\/03\/aracoiabafest_botao_clickaqui.png 690w, https:\/\/www.clickaracoiaba.com.br\/wp-content\/uploads\/2022\/03\/aracoiabafest_botao_clickaqui-300x87.png 300w\" sizes=\"auto, (max-width: 690px) 100vw, 690px\" \/><\/a><\/p>\n","protected":false},"excerpt":{"rendered":"<p>COMPRE SEUS INGRESSOS OU PASSAPORTE AGORA: Evento ser\u00e1 nos dias 1\u00ba, 2, 8, 9 e 10 de abril. O festival, que tem organiza\u00e7\u00e3o da Viva+ Entretenimento, ser\u00e1 realizado no Recinto de Eventos Ara\u00e7oiaba Fest, (anexo ao gin\u00e1sio de esportes),\u00a0 na regi\u00e3o central da cidade,\u00a0nos dias 1\u00ba, 2, 8, 9 e 10 de abril. A expectativa&#8230;<\/p>\n","protected":false},"author":1,"featured_media":0,"parent":0,"menu_order":0,"comment_status":"closed","ping_status":"closed","template":"","meta":{"magazine_newspaper_sidebar_layout":"","footnotes":""},"class_list":["post-7931","page","type-page","status-publish","hentry"],"_links":{"self":[{"href":"https:\/\/www.clickaracoiaba.com.br\/index.php?rest_route=\/wp\/v2\/pages\/7931","targetHints":{"allow":["GET"]}}],"collection":[{"href":"https:\/\/www.clickaracoiaba.com.br\/index.php?rest_route=\/wp\/v2\/pages"}],"about":[{"href":"https:\/\/www.clickaracoiaba.com.br\/index.php?rest_route=\/wp\/v2\/types\/page"}],"author":[{"embeddable":true,"href":"https:\/\/www.clickaracoiaba.com.br\/index.php?rest_route=\/wp\/v2\/users\/1"}],"replies":[{"embeddable":true,"href":"https:\/\/www.clickaracoiaba.com.br\/index.php?rest_route=%2Fwp%2Fv2%2Fcomments&post=7931"}],"version-history":[{"count":0,"href":"https:\/\/www.clickaracoiaba.com.br\/index.php?rest_route=\/wp\/v2\/pages\/7931\/revisions"}],"wp:attachment":[{"href":"https:\/\/www.clickaracoiaba.com.br\/index.php?rest_route=%2Fwp%2Fv2%2Fmedia&parent=7931"}],"curies":[{"name":"wp","href":"https:\/\/api.w.org\/{rel}","templated":true}]}}