{"id":6454,"date":"2021-01-22T09:38:33","date_gmt":"2021-01-22T12:38:33","guid":{"rendered":"http:\/\/www.clickaracoiaba.com.br\/?page_id=6454"},"modified":"2026-02-09T16:48:56","modified_gmt":"2026-02-09T19:48:56","slug":"telefones-uteis-aracoiaba-da-serra","status":"publish","type":"page","link":"https:\/\/www.clickaracoiaba.com.br\/?page_id=6454","title":{"rendered":"Telefones \u00dateis de Ara\u00e7oiaba da Serra &#8211; SP"},"content":{"rendered":"\n<p class=\"has-small-font-size\">Atualizado em: 09 de fevereiro de 2026.<\/p>\n\n\n\n<figure class=\"wp-block-image size-full is-resized\"><img loading=\"lazy\" decoding=\"async\" width=\"760\" height=\"300\" src=\"https:\/\/www.clickaracoiaba.com.br\/wp-content\/uploads\/2026\/01\/quevedo-ads-clickaracoiaba-2026.jpg\" alt=\"\" class=\"wp-image-11560\" style=\"width:840px;height:auto\" srcset=\"https:\/\/www.clickaracoiaba.com.br\/wp-content\/uploads\/2026\/01\/quevedo-ads-clickaracoiaba-2026.jpg 760w, https:\/\/www.clickaracoiaba.com.br\/wp-content\/uploads\/2026\/01\/quevedo-ads-clickaracoiaba-2026-300x118.jpg 300w, https:\/\/www.clickaracoiaba.com.br\/wp-content\/uploads\/2026\/01\/quevedo-ads-clickaracoiaba-2026-690x272.jpg 690w\" sizes=\"auto, (max-width: 760px) 100vw, 760px\" \/><\/figure>\n\n\n\n<h4 class=\"wp-block-heading\">Telefones \u00fateis de Ara\u00e7oiaba da Serra, S\u00e3o Paulo<\/h4>\n\n\n\n<p>\u00c1guas de Ara\u00e7oiaba da Serra: 0800 747 0422<br>Conselho Tutelar: (15) 3281-2224 (2\u00aa a 6\u00aa, hor\u00e1rio comercial) ou (15) 3281-1012 (plant\u00e3o)<br>Correios: (15) 3281-1194<br>Defesa Civil: 199 ou (15) 98109-0984<br>Delegacia: (15) 3281-1133<br>Departamento de Cultura: (15) 99693-0907<br>Desenvolvimento Urbano: (15) 3281-7066<br>ESF Ara\u00e7oiabinha: (15) 3281-4696<br>ESF Bosque: (15) 3281-6289<br>ESF Cercado: (15) 99683-4244<br>ESF Jundiacanga: (15) 99846-7352<br>ESF Jundiaquara: (15) 3291-5928<br>Gabinete do Prefeito: (15) 3281-7001<br>Guarda Civil Municipal: 153 ou (15) 3281-1012<br>Pol\u00edcia Militar: 190<br>Prefeitura: (15) 3281-7000<br>Pronto Atendimento: (15) 3281-7160<br>Rodovi\u00e1ria: (15) 3281-1338<br>SAMU: 0800-013-5117 ou (15) 99767-3839<br>Secret\u00e1ria Municipal de Sa\u00fade: (15) 3281-7160<br>UBS Alcides Vieira: (15) 3281-3690<br>UBS Morro (UBS Zeni): (15) 99784-7178<br>UMS (Unidade Mista de Sa\u00fade\/ Pronto Atendimento 24h): (15) 3281-7160<\/p>\n\n\n\n<hr class=\"wp-block-separator has-alpha-channel-opacity\"\/>\n\n\n\n<p>ESF: (Estrat\u00e9gia Sa\u00fade da Fam\u00edlia) \u00e9 mais conhecido como posto de sa\u00fade, ou &#8220;postinho de bairro&#8221;<\/p>\n\n\n\n<p>Se estiver faltando algum n\u00famero que voc\u00ea n\u00e3o viu nessa lista a acha que deveria estar aqui, avisa a gente pelo whatsapp: <a href=\"https:\/\/wa.me\/5515997321144\" target=\"_blank\" rel=\"noopener\">(15) 99732-1144<\/a><\/p>\n\n\n\n<figure class=\"wp-block-image size-full\"><a href=\"https:\/\/www.instagram.com\/70vagas\/\" target=\"_blank\" rel=\" noreferrer noopener\"><img loading=\"lazy\" decoding=\"async\" width=\"1200\" height=\"675\" src=\"https:\/\/www.clickaracoiaba.com.br\/wp-content\/uploads\/2025\/12\/placa-70vagas-empregos-instagram.jpg\" alt=\"\" class=\"wp-image-11104\" srcset=\"https:\/\/www.clickaracoiaba.com.br\/wp-content\/uploads\/2025\/12\/placa-70vagas-empregos-instagram.jpg 1200w, https:\/\/www.clickaracoiaba.com.br\/wp-content\/uploads\/2025\/12\/placa-70vagas-empregos-instagram-300x169.jpg 300w, https:\/\/www.clickaracoiaba.com.br\/wp-content\/uploads\/2025\/12\/placa-70vagas-empregos-instagram-690x388.jpg 690w, https:\/\/www.clickaracoiaba.com.br\/wp-content\/uploads\/2025\/12\/placa-70vagas-empregos-instagram-768x432.jpg 768w\" sizes=\"auto, (max-width: 1200px) 100vw, 1200px\" \/><\/a><\/figure>\n","protected":false},"excerpt":{"rendered":"<p>Atualizado em: 09 de fevereiro de 2026. Telefones \u00fateis de Ara\u00e7oiaba da Serra, S\u00e3o Paulo \u00c1guas de Ara\u00e7oiaba da Serra: 0800 747 0422Conselho Tutelar: (15) 3281-2224 (2\u00aa a 6\u00aa, hor\u00e1rio comercial) ou (15) 3281-1012 (plant\u00e3o)Correios: (15) 3281-1194Defesa Civil: 199 ou (15) 98109-0984Delegacia: (15) 3281-1133Departamento de Cultura: (15) 99693-0907Desenvolvimento Urbano: (15) 3281-7066ESF Ara\u00e7oiabinha: (15) 3281-4696ESF Bosque:&#8230;<\/p>\n","protected":false},"author":1,"featured_media":10394,"parent":0,"menu_order":0,"comment_status":"closed","ping_status":"closed","template":"","meta":{"magazine_newspaper_sidebar_layout":"","footnotes":""},"class_list":["post-6454","page","type-page","status-publish","has-post-thumbnail","hentry"],"_links":{"self":[{"href":"https:\/\/www.clickaracoiaba.com.br\/index.php?rest_route=\/wp\/v2\/pages\/6454","targetHints":{"allow":["GET"]}}],"collection":[{"href":"https:\/\/www.clickaracoiaba.com.br\/index.php?rest_route=\/wp\/v2\/pages"}],"about":[{"href":"https:\/\/www.clickaracoiaba.com.br\/index.php?rest_route=\/wp\/v2\/types\/page"}],"author":[{"embeddable":true,"href":"https:\/\/www.clickaracoiaba.com.br\/index.php?rest_route=\/wp\/v2\/users\/1"}],"replies":[{"embeddable":true,"href":"https:\/\/www.clickaracoiaba.com.br\/index.php?rest_route=%2Fwp%2Fv2%2Fcomments&post=6454"}],"version-history":[{"count":0,"href":"https:\/\/www.clickaracoiaba.com.br\/index.php?rest_route=\/wp\/v2\/pages\/6454\/revisions"}],"wp:featuredmedia":[{"embeddable":true,"href":"https:\/\/www.clickaracoiaba.com.br\/index.php?rest_route=\/wp\/v2\/media\/10394"}],"wp:attachment":[{"href":"https:\/\/www.clickaracoiaba.com.br\/index.php?rest_route=%2Fwp%2Fv2%2Fmedia&parent=6454"}],"curies":[{"name":"wp","href":"https:\/\/api.w.org\/{rel}","templated":true}]}}