{"id":3111,"date":"2024-09-19T23:03:43","date_gmt":"2024-09-20T02:03:43","guid":{"rendered":"http:\/\/www.clickaracoiaba.com.br\/?page_id=3111"},"modified":"2026-01-09T08:11:29","modified_gmt":"2026-01-09T11:11:29","slug":"horarios-de-onibus-aracoiaba-x-sorocaba","status":"publish","type":"page","link":"https:\/\/www.clickaracoiaba.com.br\/?page_id=3111","title":{"rendered":"Hor\u00e1rios de \u00f4nibus Ara\u00e7oiaba x Sorocaba"},"content":{"rendered":"\n<p class=\"has-luminous-vivid-amber-background-color has-background has-medium-font-size\"><strong>informa\u00e7\u00f5es atualizadas em 09\/01\/26<\/strong><\/p>\n\n\n<p>\u00a0<\/p>\n<table width=\"770\">\n<tbody>\n<tr>\n<td width=\"37\">\n<p><strong>Linha:<\/strong><\/p>\n<\/td>\n<td width=\"42\">\n<p><strong>6321<\/strong><\/p>\n<\/td>\n<td>\n<p>ARACOIABA DA SERRA (MARIA PAULA ESPOSITO) \/ SOROCABA (CENTRO)<br \/>VIA ARACOIABA DA SERRA (ARACOIABINHA)<\/p>\n<\/td>\n<td width=\"140\">\u00a0<\/td>\n<\/tr>\n<\/tbody>\n<\/table>\n<p>\u00a0<\/p>\n<table width=\"770\">\n<tbody>\n<tr>\n<td>\u00a0<\/td>\n<td>\u00a0<\/td>\n<td>\u00a0<\/td>\n<td>\u00a0<\/td>\n<td>\u00a0<\/td>\n<td>\u00a0<\/td>\n<td>\u00a0<\/td>\n<td>\u00a0<\/td>\n<\/tr>\n<tr>\n<td width=\"17%\">\n<p><strong>Terminal Inicial:<\/strong><\/p>\n<\/td>\n<td colspan=\"2\" width=\"83%\">\n<p>ALAMEDA ANITA LUIZA ALMEIDA SILVA \/ RUA ASSUMPTA BONADIO<\/p>\n<\/td>\n<td>\u00a0<\/td>\n<td>\u00a0<\/td>\n<td>\u00a0<\/td>\n<td>\u00a0<\/td>\n<td>\u00a0<\/td>\n<\/tr>\n<tr>\n<td>\n<p><strong>Terminal Final:<\/strong><\/p>\n<\/td>\n<td colspan=\"2\">\n<p>RUA JOUBERT WEY, OPOSTO AO N\u00ba 74<\/p>\n<\/td>\n<td>\u00a0<\/td>\n<td>\u00a0<\/td>\n<td>\u00a0<\/td>\n<td>\u00a0<\/td>\n<td>\u00a0<\/td>\n<\/tr>\n<tr>\n<td>\n<p><strong>Servi\u00e7o:<\/strong><\/p>\n<\/td>\n<td colspan=\"2\">\n<p>COMUM<\/p>\n<\/td>\n<td>\u00a0<\/td>\n<td>\u00a0<\/td>\n<td>\u00a0<\/td>\n<td>\u00a0<\/td>\n<td>\u00a0<\/td>\n<\/tr>\n<tr>\n<td>\n<p><strong>Empresa:<\/strong><\/p>\n<\/td>\n<td colspan=\"2\">\n<p>RAPIDO CAMPINAS<\/p>\n<\/td>\n<td>\u00a0<\/td>\n<td>\u00a0<\/td>\n<td>\u00a0<\/td>\n<td>\u00a0<\/td>\n<td>\u00a0<\/td>\n<\/tr>\n<\/tbody>\n<\/table>\n<p>\u00a0<\/p>\n<table width=\"770\">\n<tbody>\n<tr>\n<td>\u00a0<\/td>\n<td>\u00a0<\/td>\n<\/tr>\n<tr>\n<td width=\"100\">\n<p><strong>Tarifa Autorizada:<\/strong><\/p>\n<\/td>\n<td>\n<p>R$ 8,00<\/p>\n<\/td>\n<\/tr>\n<\/tbody>\n<\/table>\n<p>\u00a0<\/p>\n<p>\u00a0<\/p>\n<table width=\"100%\">\n<tbody>\n<tr>\n<td>\n<p><strong>Partidas de:\u00a0<\/strong><strong>ARACOIABA DA SERRA (MARIA PAULA ESPOSITO)<\/strong><\/p>\n<\/td>\n<\/tr>\n<tr>\n<td>\n<p><br \/><strong>TEMPO DE PERCURSO<\/strong>: 60 minutos<br \/><br \/>Os hor\u00e1rios informados s\u00e3o referentes ao ponto inicial e est\u00e3o sujeitos a mudan\u00e7as em fun\u00e7\u00e3o de fatores externos (tr\u00e2nsito, acidentes, manifesta\u00e7\u00f5es, obras, enchentes, entre outros).Esses hor\u00e1rios est\u00e3o sujeitos a altera\u00e7\u00f5es sem pr\u00e9vio aviso caso aconte\u00e7am mudan\u00e7as operacionais nas linhas.<br \/><strong><br \/>Dias \u00dateis<\/strong><br \/>04:40\u00a0\u00a0\u00a005:25\u00a0\u00a0\u00a006:20\u00a0\u00a0\u00a012:30\u00a0\u00a0\u00a016:45\u00a0\u00a0\u00a0<br \/><strong><br \/>S\u00e1bados<\/strong><br \/>05:30\u00a0\u00a0\u00a009:00\u00a0\u00a0\u00a012:00\u00a0\u00a0\u00a014:10\u00a0\u00a0\u00a017:00\u00a0\u00a0\u00a021:00\u00a0\u00a0\u00a0<br \/><strong><br \/>Domingos e Feriados<\/strong><br \/>N\u00e3o Opera<br \/><br \/><\/p>\n<\/td>\n<\/tr>\n<tr>\n<td>\u00a0<\/td>\n<\/tr>\n<tr>\n<td>\n<p><strong>Partidas de:\u00a0<\/strong><strong>SOROCABA (CENTRO)<\/strong><\/p>\n<\/td>\n<\/tr>\n<tr>\n<td>\u00a0<\/td>\n<\/tr>\n<tr>\n<td>\n<p><br \/><strong>TEMPO DE PERCURSO<\/strong>: 60 minutos<br \/><strong><br \/>Dias \u00dateis<\/strong><br \/>14:00\u00a0\u00a0\u00a017:00\u00a0\u00a0\u00a018:20\u00a0\u00a0\u00a022:30\u00a0\u00a0\u00a0<br \/><strong><br \/>S\u00e1bados<\/strong><br \/>10:20\u00a0\u00a0\u00a013:20\u00a0\u00a0\u00a015:30\u00a0\u00a0\u00a018:20\u00a0\u00a0\u00a022:15\u00a0\u00a0\u00a0<br \/><strong><br \/>Domingos e Feriados<\/strong><br \/>N\u00e3o Opera<\/p>\n<\/td>\n<\/tr>\n<\/tbody>\n<\/table>\n<p>\u00a0<\/p>\n<table width=\"770\">\n<tbody>\n<tr>\n<td width=\"37\">\n<p><strong>Linha:<\/strong><\/p>\n<\/td>\n<td width=\"42\">\n<p><strong>6320BI1<\/strong><\/p>\n<\/td>\n<td>\n<p>ARACOIABA DA SERRA (MARIA PAULA ESPOSITO) \/ SOROCABA (TERMINAL SAO PAULO)<\/p>\n<\/td>\n<td width=\"140\">\u00a0<\/td>\n<\/tr>\n<\/tbody>\n<\/table>\n<p>\u00a0<\/p>\n<table width=\"770\">\n<tbody>\n<tr>\n<td>\u00a0<\/td>\n<td>\u00a0<\/td>\n<td>\u00a0<\/td>\n<td>\u00a0<\/td>\n<td>\u00a0<\/td>\n<td>\u00a0<\/td>\n<td>\u00a0<\/td>\n<td>\u00a0<\/td>\n<\/tr>\n<tr>\n<td width=\"17%\">\n<p><strong>Terminal Inicial:<\/strong><\/p>\n<\/td>\n<td colspan=\"2\" width=\"83%\">\n<p>ALAMEDA ANITA LUIZA ALMEIDA SILVA \/ RUA ASSUMPTA BONADIO<\/p>\n<\/td>\n<td>\u00a0<\/td>\n<td>\u00a0<\/td>\n<td>\u00a0<\/td>\n<td>\u00a0<\/td>\n<td>\u00a0<\/td>\n<\/tr>\n<tr>\n<td>\n<p><strong>Terminal Final:<\/strong><\/p>\n<\/td>\n<td colspan=\"2\">\n<p>TERMINAL SAO PAULO<\/p>\n<\/td>\n<td>\u00a0<\/td>\n<td>\u00a0<\/td>\n<td>\u00a0<\/td>\n<td>\u00a0<\/td>\n<td>\u00a0<\/td>\n<\/tr>\n<tr>\n<td>\n<p><strong>Servi\u00e7o:<\/strong><\/p>\n<\/td>\n<td colspan=\"2\">\n<p>COMUM<\/p>\n<\/td>\n<td>\u00a0<\/td>\n<td>\u00a0<\/td>\n<td>\u00a0<\/td>\n<td>\u00a0<\/td>\n<td>\u00a0<\/td>\n<\/tr>\n<tr>\n<td>\n<p><strong>Empresa:<\/strong><\/p>\n<\/td>\n<td colspan=\"2\">\n<p>RAPIDO CAMPINAS<\/p>\n<\/td>\n<td>\u00a0<\/td>\n<td>\u00a0<\/td>\n<td>\u00a0<\/td>\n<td>\u00a0<\/td>\n<td>\u00a0<\/td>\n<\/tr>\n<\/tbody>\n<\/table>\n<p>\u00a0<\/p>\n<table width=\"770\">\n<tbody>\n<tr>\n<td>\u00a0<\/td>\n<td>\u00a0<\/td>\n<\/tr>\n<tr>\n<td width=\"100\">\n<p><strong>Tarifa Autorizada:<\/strong><\/p>\n<\/td>\n<td>\n<p>R$ 8,00<\/p>\n<\/td>\n<\/tr>\n<\/tbody>\n<\/table>\n<p>\u00a0<\/p>\n<p>\u00a0<\/p>\n<table width=\"100%\">\n<tbody>\n<tr>\n<td>\n<p><strong>Partidas de:\u00a0<\/strong><strong>ARACOIABA DA SERRA (MARIA PAULA ESPOSITO)<\/strong><\/p>\n<\/td>\n<\/tr>\n<tr>\n<td>\n<p><br \/><strong>TEMPO DE PERCURSO<\/strong>: 50 minutos<br \/><br \/>Os hor\u00e1rios informados s\u00e3o referentes ao ponto inicial e est\u00e3o sujeitos a mudan\u00e7as em fun\u00e7\u00e3o de fatores externos (tr\u00e2nsito, acidentes, manifesta\u00e7\u00f5es, obras, enchentes, entre outros).Esses hor\u00e1rios est\u00e3o sujeitos a altera\u00e7\u00f5es sem pr\u00e9vio aviso caso aconte\u00e7am mudan\u00e7as operacionais nas linhas.<br \/><strong><br \/>Dias \u00dateis<\/strong><br \/>13:21\u00a0\u00a0\u00a0<br \/><strong><br \/>S\u00e1bados<\/strong><br \/>N\u00e3o Opera<br \/><strong><br \/>Domingos e Feriados<\/strong><br \/>N\u00e3o Opera<br \/><br \/><\/p>\n<\/td>\n<\/tr>\n<tr>\n<td>\u00a0<\/td>\n<\/tr>\n<tr>\n<td>\n<p><strong>Partidas de:\u00a0<\/strong><strong>SOROCABA (TERMINAL SAO PAULO)<\/strong><\/p>\n<\/td>\n<\/tr>\n<tr>\n<td>\u00a0<\/td>\n<\/tr>\n<tr>\n<td>\n<p><br \/><strong>TEMPO DE PERCURSO<\/strong>: 50 minutos<br \/><strong><br \/>Dias \u00dateis<\/strong><br \/>14:31\u00a0\u00a0\u00a0<br \/><strong><br \/>S\u00e1bados<\/strong><br \/>N\u00e3o Opera<br \/><strong><br \/>Domingos e Feriados<\/strong><br \/>N\u00e3o Opera<\/p>\n<\/td>\n<\/tr>\n<\/tbody>\n<\/table>\n<p>\u00a0<\/p>\n<table width=\"770\">\n<tbody>\n<tr>\n<td width=\"37\">\n<p><strong>Linha:<\/strong><\/p>\n<\/td>\n<td width=\"42\">\n<p><strong>6320<\/strong><\/p>\n<\/td>\n<td>\n<p>ARACOIABA DA SERRA (MARIA PAULA ESPOSITO) \/ SOROCABA (CENTRO)<\/p>\n<\/td>\n<td width=\"140\">\u00a0<\/td>\n<\/tr>\n<\/tbody>\n<\/table>\n<p>\u00a0<\/p>\n<table width=\"770\">\n<tbody>\n<tr>\n<td>\u00a0<\/td>\n<td>\u00a0<\/td>\n<td>\u00a0<\/td>\n<td>\u00a0<\/td>\n<td>\u00a0<\/td>\n<td>\u00a0<\/td>\n<td>\u00a0<\/td>\n<td>\u00a0<\/td>\n<\/tr>\n<tr>\n<td width=\"17%\">\n<p><strong>Terminal Inicial:<\/strong><\/p>\n<\/td>\n<td colspan=\"2\" width=\"83%\">\n<p>ALAMEDA ANITA LUIZA ALMEIDA SILVA \/ RUA ASSUMPTA BONADIO<\/p>\n<\/td>\n<td>\u00a0<\/td>\n<td>\u00a0<\/td>\n<td>\u00a0<\/td>\n<td>\u00a0<\/td>\n<td>\u00a0<\/td>\n<\/tr>\n<tr>\n<td>\n<p><strong>Terminal Final:<\/strong><\/p>\n<\/td>\n<td colspan=\"2\">\n<p>RUA JOUBERT WEY, OPOSTO AO N\u00ba 74<\/p>\n<\/td>\n<td>\u00a0<\/td>\n<td>\u00a0<\/td>\n<td>\u00a0<\/td>\n<td>\u00a0<\/td>\n<td>\u00a0<\/td>\n<\/tr>\n<tr>\n<td>\n<p><strong>Servi\u00e7o:<\/strong><\/p>\n<\/td>\n<td colspan=\"2\">\n<p>COMUM<\/p>\n<\/td>\n<td>\u00a0<\/td>\n<td>\u00a0<\/td>\n<td>\u00a0<\/td>\n<td>\u00a0<\/td>\n<td>\u00a0<\/td>\n<\/tr>\n<tr>\n<td>\n<p><strong>Empresa:<\/strong><\/p>\n<\/td>\n<td colspan=\"2\">\n<p>RAPIDO CAMPINAS<\/p>\n<\/td>\n<td>\u00a0<\/td>\n<td>\u00a0<\/td>\n<td>\u00a0<\/td>\n<td>\u00a0<\/td>\n<td>\u00a0<\/td>\n<\/tr>\n<\/tbody>\n<\/table>\n<p>\u00a0<\/p>\n<table width=\"770\">\n<tbody>\n<tr>\n<td>\u00a0<\/td>\n<td>\u00a0<\/td>\n<\/tr>\n<tr>\n<td width=\"100\">\n<p><strong>Tarifa Autorizada:<\/strong><\/p>\n<\/td>\n<td>\n<p>R$ 8,00<\/p>\n<\/td>\n<\/tr>\n<\/tbody>\n<\/table>\n<p>\u00a0<\/p>\n<p>\u00a0<\/p>\n<table width=\"100%\">\n<tbody>\n<tr>\n<td>\n<p><strong>Partidas de:\u00a0<\/strong><strong>ARACOIABA DA SERRA (MARIA PAULA ESPOSITO)<\/strong><\/p>\n<\/td>\n<\/tr>\n<tr>\n<td>\n<p><br \/><strong>TEMPO DE PERCURSO<\/strong>: 55 minutos<br \/><br \/>Os hor\u00e1rios informados s\u00e3o referentes ao ponto inicial e est\u00e3o sujeitos a mudan\u00e7as em fun\u00e7\u00e3o de fatores externos (tr\u00e2nsito, acidentes, manifesta\u00e7\u00f5es, obras, enchentes, entre outros).Esses hor\u00e1rios est\u00e3o sujeitos a altera\u00e7\u00f5es sem pr\u00e9vio aviso caso aconte\u00e7am mudan\u00e7as operacionais nas linhas.<br \/><strong><br \/>Dias \u00dateis<\/strong><br \/>04:20\u00a0\u00a0\u00a005:00\u00a0\u00a0\u00a005:50\u00a0\u00a0\u00a006:10\u00a0\u00a0\u00a006:45\u00a0\u00a0\u00a007:00\u00a0\u00a0\u00a007:50\u00a0\u00a0\u00a008:10\u00a0\u00a0\u00a009:10\u00a0\u00a0\u00a010:15\u00a0\u00a0\u00a011:10\u00a0\u00a0\u00a012:10\u00a0\u00a0\u00a014:00\u00a0\u00a0\u00a015:00\u00a0\u00a0\u00a016:00\u00a0\u00a0\u00a016:30\u00a0\u00a0\u00a017:30\u00a0\u00a0\u00a018:30\u00a0\u00a0\u00a020:00\u00a0\u00a0\u00a021:15\u00a0\u00a0\u00a0<br \/>22:20\u00a0\u00a0\u00a0<br \/><strong><br \/>S\u00e1bados<\/strong><br \/>05:00\u00a0\u00a0\u00a006:00\u00a0\u00a0\u00a007:00\u00a0\u00a0\u00a008:00\u00a0\u00a0\u00a010:15\u00a0\u00a0\u00a011:05\u00a0\u00a0\u00a013:00\u00a0\u00a0\u00a015:10\u00a0\u00a0\u00a016:10\u00a0\u00a0\u00a018:15\u00a0\u00a0\u00a019:20\u00a0\u00a0\u00a022:15\u00a0\u00a0\u00a0<br \/><strong><br \/>Domingos e Feriados<\/strong><br \/>05:00\u00a0\u00a0\u00a007:00\u00a0\u00a0\u00a009:00\u00a0\u00a0\u00a015:00\u00a0\u00a0\u00a017:30\u00a0\u00a0\u00a019:40\u00a0\u00a0\u00a0<br \/><br \/><\/p>\n<\/td>\n<\/tr>\n<tr>\n<td>\u00a0<\/td>\n<\/tr>\n<tr>\n<td>\n<p><strong>Partidas de:\u00a0<\/strong><strong>SOROCABA (CENTRO)<\/strong><\/p>\n<\/td>\n<\/tr>\n<tr>\n<td>\u00a0<\/td>\n<\/tr>\n<tr>\n<td>\n<p><br \/><strong>TEMPO DE PERCURSO<\/strong>: 55 minutos<br \/><strong><br \/>Dias \u00dateis<\/strong><br \/>05:40\u00a0\u00a0\u00a006:00\u00a0\u00a0\u00a007:00\u00a0\u00a0\u00a008:00\u00a0\u00a0\u00a009:00\u00a0\u00a0\u00a010:00\u00a0\u00a0\u00a011:00\u00a0\u00a0\u00a012:15\u00a0\u00a0\u00a012:45\u00a0\u00a0\u00a013:15\u00a0\u00a0\u00a015:15\u00a0\u00a0\u00a016:15\u00a0\u00a0\u00a017:15\u00a0\u00a0\u00a017:50\u00a0\u00a0\u00a019:00\u00a0\u00a0\u00a020:00\u00a0\u00a0\u00a021:15\u00a0\u00a0\u00a023:35\u00a0\u00a0\u00a0<br \/><strong><br \/>S\u00e1bados<\/strong><br \/>06:00\u00a0\u00a0\u00a007:00\u00a0\u00a0\u00a008:10\u00a0\u00a0\u00a011:15\u00a0\u00a0\u00a012:10\u00a0\u00a0\u00a014:10\u00a0\u00a0\u00a016:15\u00a0\u00a0\u00a017:15\u00a0\u00a0\u00a019:30\u00a0\u00a0\u00a021:15\u00a0\u00a0\u00a023:30\u00a0\u00a0\u00a0<br \/><strong><br \/>Domingos e Feriados<\/strong><br \/>06:00\u00a0\u00a0\u00a008:10\u00a0\u00a0\u00a012:00\u00a0\u00a0\u00a016:30\u00a0\u00a0\u00a018:30\u00a0\u00a0\u00a022:00<\/p>\n<\/td>\n<\/tr>\n<\/tbody>\n<\/table>\n<p><span style=\"color: #ffffff;\">horario de onibus ara\u00e7oiaba da serra para sorocaba,\u00a0hor\u00e1rio de \u00f4nibus Ara\u00e7oiaba da serra para Sorocaba, hor\u00e1rio de \u00f4nibus Sorocaba para\u00a0Ara\u00e7oiaba da Serra,\u00a0hor\u00e1rio de \u00f4nibus de Ara\u00e7oiaba da serra para Sorocaba,\u00a0hor\u00e1rio de \u00f4nibus<\/span><\/p>\n<p><span style=\"color: #ffffff;\">de Sorocaba para\u00a0Ara\u00e7oiaba da Serra<\/span><\/p>\n\n","protected":false},"excerpt":{"rendered":"<p>informa\u00e7\u00f5es atualizadas em 09\/01\/26 \u00a0 Linha: 6321 ARACOIABA DA SERRA (MARIA PAULA ESPOSITO) \/ SOROCABA (CENTRO)VIA ARACOIABA DA SERRA (ARACOIABINHA) \u00a0 \u00a0 \u00a0 \u00a0 \u00a0 \u00a0 \u00a0 \u00a0 \u00a0 \u00a0 Terminal Inicial: ALAMEDA ANITA LUIZA ALMEIDA SILVA \/ RUA ASSUMPTA BONADIO \u00a0 \u00a0 \u00a0 \u00a0 \u00a0 Terminal Final: RUA JOUBERT WEY, OPOSTO AO N\u00ba 74&#8230;<\/p>\n","protected":false},"author":1,"featured_media":0,"parent":0,"menu_order":0,"comment_status":"closed","ping_status":"closed","template":"","meta":{"magazine_newspaper_sidebar_layout":"","footnotes":""},"class_list":["post-3111","page","type-page","status-publish","hentry"],"_links":{"self":[{"href":"https:\/\/www.clickaracoiaba.com.br\/index.php?rest_route=\/wp\/v2\/pages\/3111","targetHints":{"allow":["GET"]}}],"collection":[{"href":"https:\/\/www.clickaracoiaba.com.br\/index.php?rest_route=\/wp\/v2\/pages"}],"about":[{"href":"https:\/\/www.clickaracoiaba.com.br\/index.php?rest_route=\/wp\/v2\/types\/page"}],"author":[{"embeddable":true,"href":"https:\/\/www.clickaracoiaba.com.br\/index.php?rest_route=\/wp\/v2\/users\/1"}],"replies":[{"embeddable":true,"href":"https:\/\/www.clickaracoiaba.com.br\/index.php?rest_route=%2Fwp%2Fv2%2Fcomments&post=3111"}],"version-history":[{"count":0,"href":"https:\/\/www.clickaracoiaba.com.br\/index.php?rest_route=\/wp\/v2\/pages\/3111\/revisions"}],"wp:attachment":[{"href":"https:\/\/www.clickaracoiaba.com.br\/index.php?rest_route=%2Fwp%2Fv2%2Fmedia&parent=3111"}],"curies":[{"name":"wp","href":"https:\/\/api.w.org\/{rel}","templated":true}]}}