{"id":2,"date":"2016-01-20T15:53:40","date_gmt":"2016-01-20T15:53:40","guid":{"rendered":"http:\/\/www.indiaranews.com.br\/portal\/?page_id=2"},"modified":"2017-05-29T15:25:48","modified_gmt":"2017-05-29T18:25:48","slug":"a-cidade","status":"publish","type":"page","link":"https:\/\/www.clickaracoiaba.com.br\/?page_id=2","title":{"rendered":"ARA\u00c7OIABA DA SERRA"},"content":{"rendered":"<div id=\"post-75\" class=\"post-75 page type-page status-publish hentry\"><b>Ara\u00e7oiaba da Serra<\/b> \u00e9 um munic\u00edpio do estado de S\u00e3o Paulo, no Brasil pertencente a Regi\u00e3o Metropolitana de Sorocaba. Localiza-se a uma latitude 23\u00ba30&#8217;19&#8221; sul e a uma longitude 47\u00ba36&#8217;51&#8221; oeste, estando a uma altitude de 625 metros. Sua popula\u00e7\u00e3o estimada em 2007 era de 24 022 habitantes. Possui uma \u00e1rea de 255,5\u00a0km\u00b2.<\/div>\n<div class=\"post-75 page type-page status-publish hentry\">De ocupa\u00e7\u00e3o inicial ind\u00edgena, a regi\u00e3o de Ara\u00e7oiaba da Serra foi, desde meados do s\u00e9culo XVI, percorrida por bandeirantes em busca de ouro. Nesse contexto, Afonso Sardinha e um grupo de pessoas instalaram-se, por volta de 1589, \u00e0s margens do ribeir\u00e3o Ipanema, no sop\u00e9 da serra Ara\u00e7oiaba, com o intuito de prosseguir com suas atividades explorat\u00f3rias. Em lugar de ouro, Sardinha encontrou min\u00e9rio de ferro em grande quantidade.<\/div>\n<div class=\"post-75 page type-page status-publish hentry\">\n<p>Alguns mineradores constru\u00edram, ent\u00e3o, um forno na margem do ribeir\u00e3o para melhor explorar as jazidas, formando as bases de uma das primeiras f\u00e1bricas de beneficiamento de ferro do pa\u00eds, a futura F\u00e1brica de Ferro Ipanema. No in\u00edcio do s\u00e9culo XVII, a f\u00e1brica passou a ser de propriedade de dom Francisco de Souza, administrador das Minas do Brasil e governador das Capitanias do Sul, ganhando import\u00e2ncia e promovendo o desenvolvimento da povoa\u00e7\u00e3o ainda incipiente. Essa boa fase da f\u00e1brica, por\u00e9m, n\u00e3o durou muito tempo e, como consequ\u00eancia do abandono da f\u00e1brica, o povoado entrou em decad\u00eancia. A situa\u00e7\u00e3o come\u00e7ou a dar sinais de mudan\u00e7a no final do s\u00e9culo XVIII quando, por iniciativa de Jo\u00e3o Manso Pereira, foram enviadas amostras dos produtos minerais extra\u00eddos do morro de Ara\u00e7oiaba ao soberano portugu\u00eas, que providenciou, ent\u00e3o, a constru\u00e7\u00e3o de nova f\u00e1brica.<\/p>\n<p>Para essa empreitada, foram contratados engenheiros prussianos, dentre os quais Friedrich Ludwig Wilhelm Varnhagen. Em 19 de agosto de 1817, diante da import\u00e2ncia das atividades desenvolvidas pela f\u00e1brica, foi criada a capela da F\u00e1brica Ipanema por meio de um alvar\u00e1 de dom Jo\u00e3o VI. Os moradores, proibidos de cortar madeiras e construir casas no terreno da f\u00e1brica, solicitaram a mudan\u00e7a da sede da par\u00f3quia para outro local. Dessa forma, em 20 de fevereiro de 1821 foi criada a freguesia do munic\u00edpio de Sorocaba, no bairro de Campo Largo, um antigo pouso de tropeiros. A cria\u00e7\u00e3o foi resultado de uma acordo feito entre o padre Gaspar Antonio Malheiros e o alferesBernardino Jos\u00e9 de Barros sobre o local onde viria a funcionar a nova par\u00f3quia, que lhes valeu o t\u00edtulo de fundadores de Ara\u00e7oiaba da Serra.<\/p>\n<p>O povoado passou, desde ent\u00e3o, a se desenvolver naturalmente e passou a vila, com a denomina\u00e7\u00e3o de &#8220;Campo Largo de Sorocaba&#8221;, em 7 de abril de 1857. Muito tempo depois, em 3 de julho de 1934, o munic\u00edpio foi reconduzido \u00e0 condi\u00e7\u00e3o de distrito e reincorporado a Sorocaba. N\u00e3o tardou, por\u00e9m, para que fosse transformado em munic\u00edpio, em 5 de novembro de 1936. At\u00e9 receber sua atual denomina\u00e7\u00e3o, em 30 de novembro de 1944, havia passado por mais uma mudan\u00e7a, em 30 de novembro de 1938, quando recebeu o nome de Campo Largo.<\/p>\n<\/div>\n","protected":false},"excerpt":{"rendered":"<p>Ara\u00e7oiaba da Serra \u00e9 um munic\u00edpio do estado de S\u00e3o Paulo, no Brasil pertencente a Regi\u00e3o Metropolitana de Sorocaba. Localiza-se a uma latitude 23\u00ba30&#8217;19&#8221; sul e a uma longitude 47\u00ba36&#8217;51&#8221; oeste, estando a uma altitude de 625 metros. Sua popula\u00e7\u00e3o estimada em 2007 era de 24 022 habitantes. Possui uma \u00e1rea de 255,5\u00a0km\u00b2. De ocupa\u00e7\u00e3o&#8230;<\/p>\n","protected":false},"author":1,"featured_media":0,"parent":0,"menu_order":0,"comment_status":"closed","ping_status":"closed","template":"","meta":{"magazine_newspaper_sidebar_layout":"","footnotes":""},"class_list":["post-2","page","type-page","status-publish","hentry"],"_links":{"self":[{"href":"https:\/\/www.clickaracoiaba.com.br\/index.php?rest_route=\/wp\/v2\/pages\/2","targetHints":{"allow":["GET"]}}],"collection":[{"href":"https:\/\/www.clickaracoiaba.com.br\/index.php?rest_route=\/wp\/v2\/pages"}],"about":[{"href":"https:\/\/www.clickaracoiaba.com.br\/index.php?rest_route=\/wp\/v2\/types\/page"}],"author":[{"embeddable":true,"href":"https:\/\/www.clickaracoiaba.com.br\/index.php?rest_route=\/wp\/v2\/users\/1"}],"replies":[{"embeddable":true,"href":"https:\/\/www.clickaracoiaba.com.br\/index.php?rest_route=%2Fwp%2Fv2%2Fcomments&post=2"}],"version-history":[{"count":0,"href":"https:\/\/www.clickaracoiaba.com.br\/index.php?rest_route=\/wp\/v2\/pages\/2\/revisions"}],"wp:attachment":[{"href":"https:\/\/www.clickaracoiaba.com.br\/index.php?rest_route=%2Fwp%2Fv2%2Fmedia&parent=2"}],"curies":[{"name":"wp","href":"https:\/\/api.w.org\/{rel}","templated":true}]}}