{"id":11799,"date":"2026-02-11T03:22:58","date_gmt":"2026-02-11T06:22:58","guid":{"rendered":"https:\/\/www.clickaracoiaba.com.br\/?page_id=11799"},"modified":"2026-04-24T19:44:06","modified_gmt":"2026-04-24T22:44:06","slug":"busca-cep-aracoiaba","status":"publish","type":"page","link":"https:\/\/www.clickaracoiaba.com.br\/?page_id=11799","title":{"rendered":"BUSCA CEP ARACOIABA"},"content":{"rendered":"\n<p>LIsta completa do CEP de Ara\u00e7oiaba da Serra, aqui voc\u00ea encontra de forma r\u00e1pida e simples qualquer CEP de qualquer via de Ara\u00e7oiaba da Serra, SP<\/p>\n\n\n\n<p class=\"has-small-font-size\">Atualizado em: 11 de fevereiro de 2026<\/p>\n\n\n\n<figure class=\"wp-block-image size-full\"><a href=\"https:\/\/pizzariacarrocao.com.br\/\" target=\"_blank\" rel=\" noreferrer noopener\"><img loading=\"lazy\" decoding=\"async\" width=\"960\" height=\"250\" src=\"https:\/\/www.clickaracoiaba.com.br\/wp-content\/uploads\/2026\/01\/carrocao-banner-clickaracoiaba-26.jpg\" alt=\"\" class=\"wp-image-11626\" srcset=\"https:\/\/www.clickaracoiaba.com.br\/wp-content\/uploads\/2026\/01\/carrocao-banner-clickaracoiaba-26.jpg 960w, https:\/\/www.clickaracoiaba.com.br\/wp-content\/uploads\/2026\/01\/carrocao-banner-clickaracoiaba-26-300x78.jpg 300w, https:\/\/www.clickaracoiaba.com.br\/wp-content\/uploads\/2026\/01\/carrocao-banner-clickaracoiaba-26-690x180.jpg 690w, https:\/\/www.clickaracoiaba.com.br\/wp-content\/uploads\/2026\/01\/carrocao-banner-clickaracoiaba-26-768x200.jpg 768w\" sizes=\"auto, (max-width: 960px) 100vw, 960px\" \/><\/a><\/figure>\n\n\n        <div class=\"busca-cep-container\">\n            <div class=\"busca-cep-form\">\n                <input \n                    type=\"text\" \n                    id=\"busca-cep-input\" \n                    class=\"busca-cep-input\" \n                    placeholder=\"Digite o nome da rua, bairro ou CEP...\"\n                    autocomplete=\"off\"\n                >\n                <button type=\"button\" id=\"busca-cep-btn\" class=\"busca-cep-btn\">\n                    Buscar                <\/button>\n            <\/div>\n            \n            <div id=\"busca-cep-loading\" class=\"busca-cep-loading\" style=\"display: none;\">\n                <span class=\"spinner\"><\/span> Buscando...\n            <\/div>\n            \n            <div id=\"busca-cep-results\" class=\"busca-cep-results\"><\/div>\n        <\/div>\n        \n\n\n\n<figure class=\"wp-block-image size-full\"><a href=\"https:\/\/www.jufestlocacoes.com.br\" target=\"_blank\" rel=\" noreferrer noopener\"><img loading=\"lazy\" decoding=\"async\" width=\"1200\" height=\"300\" src=\"https:\/\/www.clickaracoiaba.com.br\/wp-content\/uploads\/2026\/02\/jufest-locacoes-banner-clickaracoiaba.jpg\" alt=\"\" class=\"wp-image-11800\" style=\"object-fit:cover\" srcset=\"https:\/\/www.clickaracoiaba.com.br\/wp-content\/uploads\/2026\/02\/jufest-locacoes-banner-clickaracoiaba.jpg 1200w, https:\/\/www.clickaracoiaba.com.br\/wp-content\/uploads\/2026\/02\/jufest-locacoes-banner-clickaracoiaba-400x100.jpg 400w, https:\/\/www.clickaracoiaba.com.br\/wp-content\/uploads\/2026\/02\/jufest-locacoes-banner-clickaracoiaba-960x240.jpg 960w, https:\/\/www.clickaracoiaba.com.br\/wp-content\/uploads\/2026\/02\/jufest-locacoes-banner-clickaracoiaba-768x192.jpg 768w\" sizes=\"auto, (max-width: 1200px) 100vw, 1200px\" \/><\/a><\/figure>\n\n\n\n<figure class=\"wp-block-image size-full is-resized\"><a href=\"https:\/\/www.clickaracoiaba.com.br\/?p=11900\" target=\"_blank\" rel=\" noreferrer noopener\"><img loading=\"lazy\" decoding=\"async\" width=\"960\" height=\"400\" src=\"https:\/\/www.clickaracoiaba.com.br\/wp-content\/uploads\/2026\/02\/manolo2-pizzaria-aracoiaba-da-serra.jpg\" alt=\"\" class=\"wp-image-11901\" style=\"object-fit:contain;width:960px;height:400px\" srcset=\"https:\/\/www.clickaracoiaba.com.br\/wp-content\/uploads\/2026\/02\/manolo2-pizzaria-aracoiaba-da-serra.jpg 960w, https:\/\/www.clickaracoiaba.com.br\/wp-content\/uploads\/2026\/02\/manolo2-pizzaria-aracoiaba-da-serra-400x167.jpg 400w, https:\/\/www.clickaracoiaba.com.br\/wp-content\/uploads\/2026\/02\/manolo2-pizzaria-aracoiaba-da-serra-768x320.jpg 768w\" sizes=\"auto, (max-width: 960px) 100vw, 960px\" \/><\/a><\/figure>\n\n\n\n<p><\/p>\n","protected":false},"excerpt":{"rendered":"<p>LIsta completa do CEP de Ara\u00e7oiaba da Serra, aqui voc\u00ea encontra de forma r\u00e1pida e simples qualquer CEP de qualquer via de Ara\u00e7oiaba da Serra, SP Atualizado em: 11 de fevereiro de 2026<\/p>\n","protected":false},"author":1,"featured_media":11802,"parent":0,"menu_order":0,"comment_status":"closed","ping_status":"closed","template":"","meta":{"magazine_newspaper_sidebar_layout":"","footnotes":""},"class_list":["post-11799","page","type-page","status-publish","has-post-thumbnail","hentry"],"_links":{"self":[{"href":"https:\/\/www.clickaracoiaba.com.br\/index.php?rest_route=\/wp\/v2\/pages\/11799","targetHints":{"allow":["GET"]}}],"collection":[{"href":"https:\/\/www.clickaracoiaba.com.br\/index.php?rest_route=\/wp\/v2\/pages"}],"about":[{"href":"https:\/\/www.clickaracoiaba.com.br\/index.php?rest_route=\/wp\/v2\/types\/page"}],"author":[{"embeddable":true,"href":"https:\/\/www.clickaracoiaba.com.br\/index.php?rest_route=\/wp\/v2\/users\/1"}],"replies":[{"embeddable":true,"href":"https:\/\/www.clickaracoiaba.com.br\/index.php?rest_route=%2Fwp%2Fv2%2Fcomments&post=11799"}],"version-history":[{"count":0,"href":"https:\/\/www.clickaracoiaba.com.br\/index.php?rest_route=\/wp\/v2\/pages\/11799\/revisions"}],"wp:featuredmedia":[{"embeddable":true,"href":"https:\/\/www.clickaracoiaba.com.br\/index.php?rest_route=\/wp\/v2\/media\/11802"}],"wp:attachment":[{"href":"https:\/\/www.clickaracoiaba.com.br\/index.php?rest_route=%2Fwp%2Fv2%2Fmedia&parent=11799"}],"curies":[{"name":"wp","href":"https:\/\/api.w.org\/{rel}","templated":true}]}}